{"id":14,"date":"2015-01-26T21:20:02","date_gmt":"2015-01-26T20:20:02","guid":{"rendered":"http:\/\/peozet.pl\/?page_id=14"},"modified":"2015-01-26T21:20:02","modified_gmt":"2015-01-26T20:20:02","slug":"poradnia-medycyny-rodzinnej","status":"publish","type":"page","link":"https:\/\/peozet.pl\/index.php\/poradnia-medycyny-rodzinnej\/","title":{"rendered":"PORADNIA MEDYCYNY RODZINNEJ"},"content":{"rendered":"<p style=\"text-align: center;\"><span><strong>PONIEDZIA\u0141EK<br \/>\n<\/strong><\/span>8:00-18:00<\/p>\n<p style=\"text-align: center;\"><strong>WTOREK<br \/>\n<\/strong>8:00-18:00<\/p>\n<p style=\"text-align: center;\"><strong>\u015aRODA<br \/>\n<\/strong>8:00-18:00<\/p>\n<p style=\"text-align: center;\"><strong>CZWARTEK<br \/>\n<\/strong>8:00-18:00<\/p>\n<p style=\"text-align: center;\"><strong>PI\u0104TEK<br \/>\n<\/strong>8:00-18:00<\/p>\n<p>&nbsp;<\/p>\n<p style=\"text-align: center;\"><em>Od dnia 01.01.2013 roku ka\u017cdy pacjent przed wizyt\u0105 u lekarza zobowi\u0105zany jest do zg\u0142oszenia si\u0119 do rejestracji w celu dokonania weryfikacji ubezpieczenia zdrowotnego na podstawie dowodu osobistego, paszportu lub prawa jazdy.<\/em><\/p>\n","protected":false},"excerpt":{"rendered":"<p>PONIEDZIA\u0141EK 8:00-18:00 WTOREK 8:00-18:00 \u015aRODA 8:00-18:00 CZWARTEK 8:00-18:00 PI\u0104TEK 8:00-18:00 &nbsp; Od dnia 01.01.2013 roku ka\u017cdy pacjent przed wizyt\u0105 u lekarza zobowi\u0105zany jest do zg\u0142oszenia si\u0119 do rejestracji w celu dokonania weryfikacji ubezpieczenia zdrowotnego na podstawie dowodu osobistego, paszportu lub prawa jazdy.<\/p>\n","protected":false},"author":1,"featured_media":0,"parent":0,"menu_order":0,"comment_status":"open","ping_status":"open","template":"","meta":{"_kad_blocks_custom_css":"","_kad_blocks_head_custom_js":"","_kad_blocks_body_custom_js":"","_kad_blocks_footer_custom_js":"","_kadence_starter_templates_imported_post":false,"_kad_post_transparent":"","_kad_post_title":"","_kad_post_layout":"","_kad_post_sidebar_id":"","_kad_post_content_style":"","_kad_post_vertical_padding":"","_kad_post_feature":"","_kad_post_feature_position":"","_kad_post_header":false,"_kad_post_footer":false,"_kad_post_classname":"","footnotes":""},"class_list":["post-14","page","type-page","status-publish","hentry"],"taxonomy_info":[],"featured_image_src_large":false,"author_info":{"display_name":"admin","author_link":"https:\/\/peozet.pl\/index.php\/author\/admin\/"},"comment_info":0,"_links":{"self":[{"href":"https:\/\/peozet.pl\/index.php\/wp-json\/wp\/v2\/pages\/14","targetHints":{"allow":["GET"]}}],"collection":[{"href":"https:\/\/peozet.pl\/index.php\/wp-json\/wp\/v2\/pages"}],"about":[{"href":"https:\/\/peozet.pl\/index.php\/wp-json\/wp\/v2\/types\/page"}],"author":[{"embeddable":true,"href":"https:\/\/peozet.pl\/index.php\/wp-json\/wp\/v2\/users\/1"}],"replies":[{"embeddable":true,"href":"https:\/\/peozet.pl\/index.php\/wp-json\/wp\/v2\/comments?post=14"}],"version-history":[{"count":0,"href":"https:\/\/peozet.pl\/index.php\/wp-json\/wp\/v2\/pages\/14\/revisions"}],"wp:attachment":[{"href":"https:\/\/peozet.pl\/index.php\/wp-json\/wp\/v2\/media?parent=14"}],"curies":[{"name":"wp","href":"https:\/\/api.w.org\/{rel}","templated":true}]}}