{"id":44,"date":"2015-01-26T21:38:15","date_gmt":"2015-01-26T20:38:15","guid":{"rendered":"http:\/\/peozet.pl\/?page_id=44"},"modified":"2015-01-26T21:38:15","modified_gmt":"2015-01-26T20:38:15","slug":"poradnia-neurologiczna","status":"publish","type":"page","link":"https:\/\/peozet.pl\/index.php\/poradnia-neurologiczna\/","title":{"rendered":"PORADNIA NEUROLOGICZNA"},"content":{"rendered":"<p style=\"text-align: center;\"><strong>Rejestracja i informacja: 94 372 43 83 lub osobi\u015bcie w przychodni.<\/strong><\/p>\n<p>&nbsp;<\/p>\n<p style=\"text-align: center;\"><em>Od dnia 01.01.2013 roku ka\u017cdy pacjent przed wizyt\u0105 u lekarza zobowi\u0105zany jest do zg\u0142oszenia si\u0119 do rejestracji w celu dokonania weryfikacji ubezpieczenia zdrowotnego na podstawie dowodu osobistego, paszportu lub prawa jazdy.<\/em><\/p>\n","protected":false},"excerpt":{"rendered":"<p>Rejestracja i informacja: 94 372 43 83 lub osobi\u015bcie w przychodni. &nbsp; Od dnia 01.01.2013 roku ka\u017cdy pacjent przed wizyt\u0105 u lekarza zobowi\u0105zany jest do zg\u0142oszenia si\u0119 do rejestracji w celu dokonania weryfikacji ubezpieczenia zdrowotnego na podstawie dowodu osobistego, paszportu lub prawa jazdy.<\/p>\n","protected":false},"author":1,"featured_media":0,"parent":0,"menu_order":0,"comment_status":"open","ping_status":"open","template":"","meta":{"_kad_blocks_custom_css":"","_kad_blocks_head_custom_js":"","_kad_blocks_body_custom_js":"","_kad_blocks_footer_custom_js":"","_kadence_starter_templates_imported_post":false,"_kad_post_transparent":"","_kad_post_title":"","_kad_post_layout":"","_kad_post_sidebar_id":"","_kad_post_content_style":"","_kad_post_vertical_padding":"","_kad_post_feature":"","_kad_post_feature_position":"","_kad_post_header":false,"_kad_post_footer":false,"_kad_post_classname":"","footnotes":""},"class_list":["post-44","page","type-page","status-publish","hentry"],"taxonomy_info":[],"featured_image_src_large":false,"author_info":{"display_name":"admin","author_link":"https:\/\/peozet.pl\/index.php\/author\/admin\/"},"comment_info":0,"_links":{"self":[{"href":"https:\/\/peozet.pl\/index.php\/wp-json\/wp\/v2\/pages\/44","targetHints":{"allow":["GET"]}}],"collection":[{"href":"https:\/\/peozet.pl\/index.php\/wp-json\/wp\/v2\/pages"}],"about":[{"href":"https:\/\/peozet.pl\/index.php\/wp-json\/wp\/v2\/types\/page"}],"author":[{"embeddable":true,"href":"https:\/\/peozet.pl\/index.php\/wp-json\/wp\/v2\/users\/1"}],"replies":[{"embeddable":true,"href":"https:\/\/peozet.pl\/index.php\/wp-json\/wp\/v2\/comments?post=44"}],"version-history":[{"count":0,"href":"https:\/\/peozet.pl\/index.php\/wp-json\/wp\/v2\/pages\/44\/revisions"}],"wp:attachment":[{"href":"https:\/\/peozet.pl\/index.php\/wp-json\/wp\/v2\/media?parent=44"}],"curies":[{"name":"wp","href":"https:\/\/api.w.org\/{rel}","templated":true}]}}